{"id":38,"date":"2023-05-19T14:49:49","date_gmt":"2023-05-19T12:49:49","guid":{"rendered":"http:\/\/aeroclubthise.fr\/?page_id=38"},"modified":"2025-03-11T15:45:04","modified_gmt":"2025-03-11T14:45:04","slug":"contact","status":"publish","type":"page","link":"https:\/\/aeroclubthise.fr\/?page_id=38","title":{"rendered":"Contact"},"content":{"rendered":"\n<h6 class=\"wp-block-heading\"><strong>Pour un vol d\u2019initiation ou d\u00e9couverte, et pour tout renseignement sur notre \u00e9cole de pilotage<\/strong> :<\/h6>\n\n\n\n<p class=\"has-vivid-cyan-blue-color has-text-color has-link-color wp-elements-7ccd36be782269b65a5a4a36edf1d275\"><a href=\"mailto:contact@aeroclubthise.fr\"><strong>contact@aeroclubthise.fr<\/strong><\/a><\/p>\n\n\n\n<hr class=\"wp-block-separator has-alpha-channel-opacity\"\/>\n\n\n\n<h6 class=\"wp-block-heading\"><strong>Le bureau de notre association<\/strong><\/h6>\n\n\n\n<figure class=\"wp-block-table\"><table style=\"border-style:none;border-width:0px\"><tbody><tr><td>Pr\u00e9sident<\/td><td>\u00a0Pierre-Alain DIVEL<\/td><\/tr><tr><td>Vice-pr\u00e9sident<\/td><td>\u00a0Jean-Philippe ROSNET<\/td><\/tr><tr><td>Tr\u00e9sorier<br><br>Secr\u00e9taire<\/td><td>\u00a0Laurent CHEVALIER<br><br> Rapha\u00ebl ZINS<\/td><\/tr><\/tbody><\/table><\/figure>\n\n\n\n<p><strong>Par Mail :<\/strong>  <a href=\"mailto:contact@aeroclubthise.fr\">contact@aeroclubthise.fr<\/a><\/p>\n","protected":false},"excerpt":{"rendered":"<p>Pour un vol d\u2019initiation ou d\u00e9couverte, et pour tout renseignement sur notre \u00e9cole de pilotage : contact@aeroclubthise.fr Le bureau de notre association Pr\u00e9sident \u00a0Pierre-Alain DIVEL Vice-pr\u00e9sident \u00a0Jean-Philippe ROSNET Tr\u00e9sorier Secr\u00e9taire \u00a0Laurent CHEVALIER Rapha\u00ebl ZINS Par Mail : contact@aeroclubthise.fr<\/p>\n","protected":false},"author":1,"featured_media":0,"parent":0,"menu_order":0,"comment_status":"closed","ping_status":"closed","template":"","meta":{"footnotes":""},"class_list":["post-38","page","type-page","status-publish","hentry"],"yoast_head":"<!-- This site is optimized with the Yoast SEO plugin v21.2 - https:\/\/yoast.com\/wordpress\/plugins\/seo\/ -->\n<title>Contact - A\u00e9roclub Thise<\/title>\n<meta name=\"robots\" content=\"index, follow, max-snippet:-1, max-image-preview:large, max-video-preview:-1\" \/>\n<link rel=\"canonical\" href=\"https:\/\/aeroclubthise.fr\/?page_id=38\" \/>\n<meta property=\"og:locale\" content=\"fr_FR\" \/>\n<meta property=\"og:type\" content=\"article\" \/>\n<meta property=\"og:title\" content=\"Contact - A\u00e9roclub Thise\" \/>\n<meta property=\"og:description\" content=\"Pour un vol d\u2019initiation ou d\u00e9couverte, et pour tout renseignement sur notre \u00e9cole de pilotage : contact@aeroclubthise.fr Le bureau de notre association Pr\u00e9sident \u00a0Pierre-Alain DIVEL Vice-pr\u00e9sident \u00a0Jean-Philippe ROSNET Tr\u00e9sorier Secr\u00e9taire \u00a0Laurent CHEVALIER Rapha\u00ebl ZINS Par Mail : contact@aeroclubthise.fr\" \/>\n<meta property=\"og:url\" content=\"https:\/\/aeroclubthise.fr\/?page_id=38\" \/>\n<meta property=\"og:site_name\" content=\"A\u00e9roclub Thise\" \/>\n<meta property=\"article:modified_time\" content=\"2025-03-11T14:45:04+00:00\" \/>\n<meta name=\"twitter:card\" content=\"summary_large_image\" \/>\n<meta name=\"twitter:label1\" content=\"Dur\u00e9e de lecture estim\u00e9e\" \/>\n\t<meta name=\"twitter:data1\" content=\"1 minute\" \/>\n<script type=\"application\/ld+json\" class=\"yoast-schema-graph\">{\"@context\":\"https:\/\/schema.org\",\"@graph\":[{\"@type\":\"WebPage\",\"@id\":\"https:\/\/aeroclubthise.fr\/?page_id=38\",\"url\":\"https:\/\/aeroclubthise.fr\/?page_id=38\",\"name\":\"Contact - A\u00e9roclub Thise\",\"isPartOf\":{\"@id\":\"https:\/\/aeroclubthise.fr\/#website\"},\"datePublished\":\"2023-05-19T12:49:49+00:00\",\"dateModified\":\"2025-03-11T14:45:04+00:00\",\"breadcrumb\":{\"@id\":\"https:\/\/aeroclubthise.fr\/?page_id=38#breadcrumb\"},\"inLanguage\":\"fr-FR\",\"potentialAction\":[{\"@type\":\"ReadAction\",\"target\":[\"https:\/\/aeroclubthise.fr\/?page_id=38\"]}]},{\"@type\":\"BreadcrumbList\",\"@id\":\"https:\/\/aeroclubthise.fr\/?page_id=38#breadcrumb\",\"itemListElement\":[{\"@type\":\"ListItem\",\"position\":1,\"name\":\"Accueil\",\"item\":\"https:\/\/aeroclubthise.fr\/\"},{\"@type\":\"ListItem\",\"position\":2,\"name\":\"Contact\"}]},{\"@type\":\"WebSite\",\"@id\":\"https:\/\/aeroclubthise.fr\/#website\",\"url\":\"https:\/\/aeroclubthise.fr\/\",\"name\":\"A\u00e9roclub Thise\",\"description\":\"A\u00e9roclub Thise\",\"potentialAction\":[{\"@type\":\"SearchAction\",\"target\":{\"@type\":\"EntryPoint\",\"urlTemplate\":\"https:\/\/aeroclubthise.fr\/?s={search_term_string}\"},\"query-input\":\"required name=search_term_string\"}],\"inLanguage\":\"fr-FR\"}]}<\/script>\n<!-- \/ Yoast SEO plugin. -->","yoast_head_json":{"title":"Contact - A\u00e9roclub Thise","robots":{"index":"index","follow":"follow","max-snippet":"max-snippet:-1","max-image-preview":"max-image-preview:large","max-video-preview":"max-video-preview:-1"},"canonical":"https:\/\/aeroclubthise.fr\/?page_id=38","og_locale":"fr_FR","og_type":"article","og_title":"Contact - A\u00e9roclub Thise","og_description":"Pour un vol d\u2019initiation ou d\u00e9couverte, et pour tout renseignement sur notre \u00e9cole de pilotage : contact@aeroclubthise.fr Le bureau de notre association Pr\u00e9sident \u00a0Pierre-Alain DIVEL Vice-pr\u00e9sident \u00a0Jean-Philippe ROSNET Tr\u00e9sorier Secr\u00e9taire \u00a0Laurent CHEVALIER Rapha\u00ebl ZINS Par Mail : contact@aeroclubthise.fr","og_url":"https:\/\/aeroclubthise.fr\/?page_id=38","og_site_name":"A\u00e9roclub Thise","article_modified_time":"2025-03-11T14:45:04+00:00","twitter_card":"summary_large_image","twitter_misc":{"Dur\u00e9e de lecture estim\u00e9e":"1 minute"},"schema":{"@context":"https:\/\/schema.org","@graph":[{"@type":"WebPage","@id":"https:\/\/aeroclubthise.fr\/?page_id=38","url":"https:\/\/aeroclubthise.fr\/?page_id=38","name":"Contact - A\u00e9roclub Thise","isPartOf":{"@id":"https:\/\/aeroclubthise.fr\/#website"},"datePublished":"2023-05-19T12:49:49+00:00","dateModified":"2025-03-11T14:45:04+00:00","breadcrumb":{"@id":"https:\/\/aeroclubthise.fr\/?page_id=38#breadcrumb"},"inLanguage":"fr-FR","potentialAction":[{"@type":"ReadAction","target":["https:\/\/aeroclubthise.fr\/?page_id=38"]}]},{"@type":"BreadcrumbList","@id":"https:\/\/aeroclubthise.fr\/?page_id=38#breadcrumb","itemListElement":[{"@type":"ListItem","position":1,"name":"Accueil","item":"https:\/\/aeroclubthise.fr\/"},{"@type":"ListItem","position":2,"name":"Contact"}]},{"@type":"WebSite","@id":"https:\/\/aeroclubthise.fr\/#website","url":"https:\/\/aeroclubthise.fr\/","name":"A\u00e9roclub Thise","description":"A\u00e9roclub Thise","potentialAction":[{"@type":"SearchAction","target":{"@type":"EntryPoint","urlTemplate":"https:\/\/aeroclubthise.fr\/?s={search_term_string}"},"query-input":"required name=search_term_string"}],"inLanguage":"fr-FR"}]}},"_links":{"self":[{"href":"https:\/\/aeroclubthise.fr\/index.php?rest_route=\/wp\/v2\/pages\/38","targetHints":{"allow":["GET"]}}],"collection":[{"href":"https:\/\/aeroclubthise.fr\/index.php?rest_route=\/wp\/v2\/pages"}],"about":[{"href":"https:\/\/aeroclubthise.fr\/index.php?rest_route=\/wp\/v2\/types\/page"}],"author":[{"embeddable":true,"href":"https:\/\/aeroclubthise.fr\/index.php?rest_route=\/wp\/v2\/users\/1"}],"replies":[{"embeddable":true,"href":"https:\/\/aeroclubthise.fr\/index.php?rest_route=%2Fwp%2Fv2%2Fcomments&post=38"}],"version-history":[{"count":12,"href":"https:\/\/aeroclubthise.fr\/index.php?rest_route=\/wp\/v2\/pages\/38\/revisions"}],"predecessor-version":[{"id":286,"href":"https:\/\/aeroclubthise.fr\/index.php?rest_route=\/wp\/v2\/pages\/38\/revisions\/286"}],"wp:attachment":[{"href":"https:\/\/aeroclubthise.fr\/index.php?rest_route=%2Fwp%2Fv2%2Fmedia&parent=38"}],"curies":[{"name":"wp","href":"https:\/\/api.w.org\/{rel}","templated":true}]}}