{"id":46,"date":"2023-05-19T15:13:22","date_gmt":"2023-05-19T13:13:22","guid":{"rendered":"http:\/\/aeroclubthise.fr\/?page_id=46"},"modified":"2024-10-21T11:38:39","modified_gmt":"2024-10-21T09:38:39","slug":"le-club","status":"publish","type":"page","link":"https:\/\/aeroclubthise.fr\/?page_id=46","title":{"rendered":"Le club"},"content":{"rendered":"\n<h4 class=\"wp-block-heading has-text-align-center\"><strong>Qui sommes-nous ?<\/strong><\/h4>\n\n\n\n<h6 class=\"wp-block-heading has-text-align-center\"><strong>Association Vol Moteur de l\u2019A\u00e9ro-Club du Doubs (AVMACD)<\/strong><\/h6>\n\n\n\n<p>L\u2019a\u00e9ro-club du Doubs est une <strong>association loi 1901<\/strong>. Il se situe sur&nbsp;l\u2019<strong>a\u00e9rodrome de Thise, au Nord-Est de Besan\u00e7on<\/strong>.<\/p>\n\n\n\n<figure class=\"wp-block-table\"><table><tbody><tr><td>Premiers pas au sein du monde de l\u2019aviation l\u00e9g\u00e8re de loisir ? Envie de vous \u00e9vader et de tutoyer les cieux ? D\u00e9couvrez nos diff\u00e9rents&nbsp;<a href=\"http:\/\/aeroclubthise.fr\/?page_id=79\" data-type=\"page\" data-id=\"79\">vols d\u00e9couverte<\/a>&nbsp;qui vous permettront de d\u00e9couvrir Besan\u00e7on et ses environs depuis le ciel !Et qui sait ? Peut-\u00eatre que notre&nbsp;<a href=\"http:\/\/aeroclubthise.fr\/?page_id=134\" data-type=\"page\" data-id=\"134\">vol d\u2019initiation<\/a>&nbsp;ach\u00e8vera de vous convaincre que l\u2019aviation est faite pour vous, et vous pousserez alors la porte de notre&nbsp;<a href=\"http:\/\/aeroclubthise.fr\/?page_id=82\" data-type=\"page\" data-id=\"82\">\u00e9cole de pilotage<\/a>, pour votre premi\u00e8re le\u00e7on en tant qu\u2019\u00e9l\u00e8ve pilote !<\/td><\/tr><\/tbody><\/table><\/figure>\n\n\n\n<figure class=\"wp-block-image size-large\"><img loading=\"lazy\" decoding=\"async\" width=\"1024\" height=\"768\" src=\"http:\/\/aeroclubthise.fr\/wp-content\/uploads\/2023\/05\/10-1024x768.jpg\" alt=\"\" class=\"wp-image-95\" srcset=\"https:\/\/aeroclubthise.fr\/wp-content\/uploads\/2023\/05\/10-1024x768.jpg 1024w, https:\/\/aeroclubthise.fr\/wp-content\/uploads\/2023\/05\/10-300x225.jpg 300w, https:\/\/aeroclubthise.fr\/wp-content\/uploads\/2023\/05\/10-768x576.jpg 768w, https:\/\/aeroclubthise.fr\/wp-content\/uploads\/2023\/05\/10-1536x1152.jpg 1536w, https:\/\/aeroclubthise.fr\/wp-content\/uploads\/2023\/05\/10-2048x1536.jpg 2048w\" sizes=\"auto, (max-width: 1024px) 100vw, 1024px\" \/><\/figure>\n\n\n\n<div class=\"wp-block-buttons is-content-justification-center is-layout-flex wp-container-core-buttons-is-layout-a89b3969 wp-block-buttons-is-layout-flex\">\n<div class=\"wp-block-button has-custom-width wp-block-button__width-100 is-style-fill\"><a class=\"wp-block-button__link has-text-align-center wp-element-button\" href=\"http:\/\/aeroclubthise.fr\/?page_id=38\">Contact<\/a><\/div>\n<\/div>\n\n\n\n<h4 class=\"wp-block-heading has-text-align-center\"><strong>O\u00f9 sommes-nous ?<\/strong><\/h4>\n\n\n\n<p>A\u00e9rodrome de Thise, au Nord-Est de Besan\u00e7on.<\/p>\n\n\n\n<div class=\"wp-block-group is-layout-constrained wp-block-group-is-layout-constrained\">\n<iframe src=\"https:\/\/www.google.com\/maps\/embed?pb=!1m18!1m12!1m3!1d2706.875797854914!2d6.0834022999999995!3d47.277682399999996!2m3!1f0!2f0!3f0!3m2!1i1024!2i768!4f13.1!3m3!1m2!1s0x478d7db2f5e0efa1%3A0x3b3081155b7196d3!2sAeroclub%20de%20Thise%20(AVMACD)!5e0!3m2!1sfr!2sfr!4v1689949697498!5m2!1sfr!2sfr\" width=\"600\" height=\"450\" style=\"border:0;\" allowfullscreen=\"\" loading=\"lazy\" referrerpolicy=\"no-referrer-when-downgrade\"><\/iframe>\n<\/div>\n\n\n\n<h4 class=\"wp-block-heading has-text-align-center\"><strong>Notre avion<\/strong><\/h4>\n\n\n\n<p class=\"has-vivid-red-color has-text-color\"><strong><em>Note : ces donn\u00e9es sont fournies \u00e0 titre indicatif et ne doivent&nbsp;en aucun cas&nbsp;servir \u00e0 la pr\u00e9paration d\u2019un vol.<\/em><\/strong><\/p>\n\n\n\n<figure class=\"wp-block-image size-full is-resized\"><img loading=\"lazy\" decoding=\"async\" width=\"640\" height=\"480\" src=\"http:\/\/aeroclubthise.fr\/wp-content\/uploads\/2023\/05\/40.jpg\" alt=\"\" class=\"wp-image-125\" style=\"width:644px;height:430px\" srcset=\"https:\/\/aeroclubthise.fr\/wp-content\/uploads\/2023\/05\/40.jpg 640w, https:\/\/aeroclubthise.fr\/wp-content\/uploads\/2023\/05\/40-300x225.jpg 300w\" sizes=\"auto, (max-width: 640px) 100vw, 640px\" \/><\/figure>\n\n\n\n<figure class=\"wp-block-table\"><table><tbody><tr><td rowspan=\"6\"><a href=\"https:\/\/web.archive.org\/web\/20220928233234\/http:\/\/aerofc.fr\/aerothise\/site\/wp-content\/uploads\/avmacd_img004_fgdyp.jpg\" target=\"_blank\" rel=\"noreferrer noopener\"><\/a><\/td><td>&nbsp; Immatriculation<\/td><td><strong>&nbsp;&nbsp; F-GDYP<\/strong><\/td><\/tr><tr><td>&nbsp; Marque et mod\u00e8le<\/td><td>&nbsp; Robin DR400-160<\/td><\/tr><tr><td>&nbsp; Puissance<\/td><td>&nbsp; 160ch<\/td><\/tr><tr><td>&nbsp; Performances<\/td><td>&nbsp; 215 km\/h (115 kt)<\/td><\/tr><tr><td>&nbsp; Rayon d\u2019action, autonomie<\/td><td>&nbsp; 900km, 4h<\/td><\/tr><tr><td>&nbsp; Nombre de places<\/td><td>&nbsp; 4<\/td><\/tr><\/tbody><\/table><\/figure>\n\n\n\n<p><strong>F-GDYP<\/strong>&nbsp;est principalement utilis\u00e9 comme avion pour les vols d\u00e9couverte, les balades en famille ou entre amis et pour les voyages. Il sert \u00e9galement au sein de l\u2019\u00e9cole de pilotage pour former les pilotes \u00e0 la navigation.<\/p>\n\n\n\n<h4 class=\"wp-block-heading has-text-align-center\"><strong>Galerie photo<\/strong><\/h4>\n\n\n\n<figure class=\"wp-block-gallery has-nested-images columns-1 is-cropped wp-block-gallery-1 is-layout-flex wp-block-gallery-is-layout-flex\">\n<figure class=\"wp-block-image size-full\"><img loading=\"lazy\" decoding=\"async\" width=\"1200\" height=\"1600\" data-id=\"127\" src=\"http:\/\/aeroclubthise.fr\/wp-content\/uploads\/2023\/05\/50.jpg\" alt=\"\" class=\"wp-image-127\" srcset=\"https:\/\/aeroclubthise.fr\/wp-content\/uploads\/2023\/05\/50.jpg 1200w, https:\/\/aeroclubthise.fr\/wp-content\/uploads\/2023\/05\/50-225x300.jpg 225w, https:\/\/aeroclubthise.fr\/wp-content\/uploads\/2023\/05\/50-768x1024.jpg 768w, https:\/\/aeroclubthise.fr\/wp-content\/uploads\/2023\/05\/50-1152x1536.jpg 1152w\" sizes=\"auto, (max-width: 1200px) 100vw, 1200px\" \/><\/figure>\n\n\n\n<figure class=\"wp-block-image size-full\"><img loading=\"lazy\" decoding=\"async\" width=\"1265\" height=\"1687\" data-id=\"123\" src=\"http:\/\/aeroclubthise.fr\/wp-content\/uploads\/2023\/05\/38.jpg\" alt=\"\" class=\"wp-image-123\" srcset=\"https:\/\/aeroclubthise.fr\/wp-content\/uploads\/2023\/05\/38.jpg 1265w, https:\/\/aeroclubthise.fr\/wp-content\/uploads\/2023\/05\/38-225x300.jpg 225w, https:\/\/aeroclubthise.fr\/wp-content\/uploads\/2023\/05\/38-768x1024.jpg 768w, https:\/\/aeroclubthise.fr\/wp-content\/uploads\/2023\/05\/38-1152x1536.jpg 1152w\" sizes=\"auto, (max-width: 1265px) 100vw, 1265px\" \/><\/figure>\n\n\n\n<figure class=\"wp-block-image size-full\"><img loading=\"lazy\" decoding=\"async\" width=\"1200\" height=\"1600\" data-id=\"128\" src=\"http:\/\/aeroclubthise.fr\/wp-content\/uploads\/2023\/05\/51.jpg\" alt=\"\" class=\"wp-image-128\" srcset=\"https:\/\/aeroclubthise.fr\/wp-content\/uploads\/2023\/05\/51.jpg 1200w, https:\/\/aeroclubthise.fr\/wp-content\/uploads\/2023\/05\/51-225x300.jpg 225w, https:\/\/aeroclubthise.fr\/wp-content\/uploads\/2023\/05\/51-768x1024.jpg 768w, https:\/\/aeroclubthise.fr\/wp-content\/uploads\/2023\/05\/51-1152x1536.jpg 1152w\" sizes=\"auto, (max-width: 1200px) 100vw, 1200px\" \/><\/figure>\n\n\n\n<figure class=\"wp-block-image size-full\"><img loading=\"lazy\" decoding=\"async\" width=\"640\" height=\"480\" data-id=\"115\" src=\"http:\/\/aeroclubthise.fr\/wp-content\/uploads\/2023\/05\/30.jpg\" alt=\"\" class=\"wp-image-115\" srcset=\"https:\/\/aeroclubthise.fr\/wp-content\/uploads\/2023\/05\/30.jpg 640w, https:\/\/aeroclubthise.fr\/wp-content\/uploads\/2023\/05\/30-300x225.jpg 300w\" sizes=\"auto, (max-width: 640px) 100vw, 640px\" \/><\/figure>\n\n\n\n<figure class=\"wp-block-image size-full\"><img loading=\"lazy\" decoding=\"async\" width=\"640\" height=\"480\" data-id=\"116\" src=\"http:\/\/aeroclubthise.fr\/wp-content\/uploads\/2023\/05\/31.jpg\" alt=\"\" class=\"wp-image-116\" srcset=\"https:\/\/aeroclubthise.fr\/wp-content\/uploads\/2023\/05\/31.jpg 640w, https:\/\/aeroclubthise.fr\/wp-content\/uploads\/2023\/05\/31-300x225.jpg 300w\" sizes=\"auto, (max-width: 640px) 100vw, 640px\" \/><\/figure>\n\n\n\n<figure class=\"wp-block-image size-full\"><img loading=\"lazy\" decoding=\"async\" width=\"640\" height=\"480\" data-id=\"113\" src=\"http:\/\/aeroclubthise.fr\/wp-content\/uploads\/2023\/05\/28.jpg\" alt=\"\" class=\"wp-image-113\" srcset=\"https:\/\/aeroclubthise.fr\/wp-content\/uploads\/2023\/05\/28.jpg 640w, https:\/\/aeroclubthise.fr\/wp-content\/uploads\/2023\/05\/28-300x225.jpg 300w\" sizes=\"auto, (max-width: 640px) 100vw, 640px\" \/><\/figure>\n\n\n\n<figure class=\"wp-block-image size-full\"><img loading=\"lazy\" decoding=\"async\" width=\"640\" height=\"480\" data-id=\"109\" src=\"http:\/\/aeroclubthise.fr\/wp-content\/uploads\/2023\/05\/24.jpg\" alt=\"\" class=\"wp-image-109\" srcset=\"https:\/\/aeroclubthise.fr\/wp-content\/uploads\/2023\/05\/24.jpg 640w, https:\/\/aeroclubthise.fr\/wp-content\/uploads\/2023\/05\/24-300x225.jpg 300w\" sizes=\"auto, (max-width: 640px) 100vw, 640px\" \/><\/figure>\n\n\n\n<figure class=\"wp-block-image size-full\"><img loading=\"lazy\" decoding=\"async\" width=\"2560\" height=\"1920\" data-id=\"108\" src=\"http:\/\/aeroclubthise.fr\/wp-content\/uploads\/2023\/05\/23-scaled.jpg\" alt=\"\" class=\"wp-image-108\" srcset=\"https:\/\/aeroclubthise.fr\/wp-content\/uploads\/2023\/05\/23-scaled.jpg 2560w, https:\/\/aeroclubthise.fr\/wp-content\/uploads\/2023\/05\/23-300x225.jpg 300w, https:\/\/aeroclubthise.fr\/wp-content\/uploads\/2023\/05\/23-1024x768.jpg 1024w, https:\/\/aeroclubthise.fr\/wp-content\/uploads\/2023\/05\/23-768x576.jpg 768w, https:\/\/aeroclubthise.fr\/wp-content\/uploads\/2023\/05\/23-1536x1152.jpg 1536w, https:\/\/aeroclubthise.fr\/wp-content\/uploads\/2023\/05\/23-2048x1536.jpg 2048w\" sizes=\"auto, (max-width: 2560px) 100vw, 2560px\" \/><\/figure>\n\n\n\n<figure class=\"wp-block-image size-full\"><img loading=\"lazy\" decoding=\"async\" width=\"2560\" height=\"1920\" data-id=\"99\" src=\"http:\/\/aeroclubthise.fr\/wp-content\/uploads\/2023\/05\/14-scaled.jpg\" alt=\"\" class=\"wp-image-99\" srcset=\"https:\/\/aeroclubthise.fr\/wp-content\/uploads\/2023\/05\/14-scaled.jpg 2560w, https:\/\/aeroclubthise.fr\/wp-content\/uploads\/2023\/05\/14-300x225.jpg 300w, https:\/\/aeroclubthise.fr\/wp-content\/uploads\/2023\/05\/14-1024x768.jpg 1024w, https:\/\/aeroclubthise.fr\/wp-content\/uploads\/2023\/05\/14-768x576.jpg 768w, https:\/\/aeroclubthise.fr\/wp-content\/uploads\/2023\/05\/14-1536x1152.jpg 1536w, https:\/\/aeroclubthise.fr\/wp-content\/uploads\/2023\/05\/14-2048x1536.jpg 2048w\" sizes=\"auto, (max-width: 2560px) 100vw, 2560px\" \/><\/figure>\n\n\n\n<figure class=\"wp-block-image size-full\"><img loading=\"lazy\" decoding=\"async\" width=\"2560\" height=\"2560\" data-id=\"103\" src=\"http:\/\/aeroclubthise.fr\/wp-content\/uploads\/2023\/05\/18-scaled.jpg\" alt=\"\" class=\"wp-image-103\" srcset=\"https:\/\/aeroclubthise.fr\/wp-content\/uploads\/2023\/05\/18-scaled.jpg 2560w, https:\/\/aeroclubthise.fr\/wp-content\/uploads\/2023\/05\/18-300x300.jpg 300w, https:\/\/aeroclubthise.fr\/wp-content\/uploads\/2023\/05\/18-1024x1024.jpg 1024w, https:\/\/aeroclubthise.fr\/wp-content\/uploads\/2023\/05\/18-150x150.jpg 150w, https:\/\/aeroclubthise.fr\/wp-content\/uploads\/2023\/05\/18-768x768.jpg 768w, https:\/\/aeroclubthise.fr\/wp-content\/uploads\/2023\/05\/18-1536x1536.jpg 1536w, https:\/\/aeroclubthise.fr\/wp-content\/uploads\/2023\/05\/18-2048x2048.jpg 2048w\" sizes=\"auto, (max-width: 2560px) 100vw, 2560px\" \/><\/figure>\n\n\n\n<figure class=\"wp-block-image size-full\"><img loading=\"lazy\" decoding=\"async\" width=\"2560\" height=\"1920\" data-id=\"104\" src=\"http:\/\/aeroclubthise.fr\/wp-content\/uploads\/2023\/05\/19-scaled.jpg\" alt=\"\" class=\"wp-image-104\" srcset=\"https:\/\/aeroclubthise.fr\/wp-content\/uploads\/2023\/05\/19-scaled.jpg 2560w, https:\/\/aeroclubthise.fr\/wp-content\/uploads\/2023\/05\/19-300x225.jpg 300w, https:\/\/aeroclubthise.fr\/wp-content\/uploads\/2023\/05\/19-1024x768.jpg 1024w, https:\/\/aeroclubthise.fr\/wp-content\/uploads\/2023\/05\/19-768x576.jpg 768w, https:\/\/aeroclubthise.fr\/wp-content\/uploads\/2023\/05\/19-1536x1152.jpg 1536w, https:\/\/aeroclubthise.fr\/wp-content\/uploads\/2023\/05\/19-2048x1536.jpg 2048w\" sizes=\"auto, (max-width: 2560px) 100vw, 2560px\" \/><\/figure>\n\n\n\n<figure class=\"wp-block-image size-full\"><img loading=\"lazy\" decoding=\"async\" width=\"2560\" height=\"1920\" data-id=\"105\" src=\"http:\/\/aeroclubthise.fr\/wp-content\/uploads\/2023\/05\/20-scaled.jpg\" alt=\"\" class=\"wp-image-105\" srcset=\"https:\/\/aeroclubthise.fr\/wp-content\/uploads\/2023\/05\/20-scaled.jpg 2560w, https:\/\/aeroclubthise.fr\/wp-content\/uploads\/2023\/05\/20-300x225.jpg 300w, https:\/\/aeroclubthise.fr\/wp-content\/uploads\/2023\/05\/20-1024x768.jpg 1024w, https:\/\/aeroclubthise.fr\/wp-content\/uploads\/2023\/05\/20-768x576.jpg 768w, https:\/\/aeroclubthise.fr\/wp-content\/uploads\/2023\/05\/20-1536x1152.jpg 1536w, https:\/\/aeroclubthise.fr\/wp-content\/uploads\/2023\/05\/20-2048x1536.jpg 2048w\" sizes=\"auto, (max-width: 2560px) 100vw, 2560px\" \/><\/figure>\n\n\n\n<figure class=\"wp-block-image size-full\"><img loading=\"lazy\" decoding=\"async\" width=\"2560\" height=\"1920\" data-id=\"106\" src=\"http:\/\/aeroclubthise.fr\/wp-content\/uploads\/2023\/05\/21-scaled.jpg\" alt=\"\" class=\"wp-image-106\" srcset=\"https:\/\/aeroclubthise.fr\/wp-content\/uploads\/2023\/05\/21-scaled.jpg 2560w, https:\/\/aeroclubthise.fr\/wp-content\/uploads\/2023\/05\/21-300x225.jpg 300w, https:\/\/aeroclubthise.fr\/wp-content\/uploads\/2023\/05\/21-1024x768.jpg 1024w, https:\/\/aeroclubthise.fr\/wp-content\/uploads\/2023\/05\/21-768x576.jpg 768w, https:\/\/aeroclubthise.fr\/wp-content\/uploads\/2023\/05\/21-1536x1152.jpg 1536w, https:\/\/aeroclubthise.fr\/wp-content\/uploads\/2023\/05\/21-2048x1536.jpg 2048w\" sizes=\"auto, (max-width: 2560px) 100vw, 2560px\" \/><\/figure>\n\n\n\n<figure class=\"wp-block-image size-full\"><img loading=\"lazy\" decoding=\"async\" width=\"2560\" height=\"1920\" data-id=\"107\" src=\"http:\/\/aeroclubthise.fr\/wp-content\/uploads\/2023\/05\/22-scaled.jpg\" alt=\"\" class=\"wp-image-107\" srcset=\"https:\/\/aeroclubthise.fr\/wp-content\/uploads\/2023\/05\/22-scaled.jpg 2560w, https:\/\/aeroclubthise.fr\/wp-content\/uploads\/2023\/05\/22-300x225.jpg 300w, https:\/\/aeroclubthise.fr\/wp-content\/uploads\/2023\/05\/22-1024x768.jpg 1024w, https:\/\/aeroclubthise.fr\/wp-content\/uploads\/2023\/05\/22-768x576.jpg 768w, https:\/\/aeroclubthise.fr\/wp-content\/uploads\/2023\/05\/22-1536x1152.jpg 1536w, https:\/\/aeroclubthise.fr\/wp-content\/uploads\/2023\/05\/22-2048x1536.jpg 2048w\" sizes=\"auto, (max-width: 2560px) 100vw, 2560px\" \/><\/figure>\n\n\n\n<figure class=\"wp-block-image size-full\"><img loading=\"lazy\" decoding=\"async\" width=\"2560\" height=\"1920\" data-id=\"94\" src=\"http:\/\/aeroclubthise.fr\/wp-content\/uploads\/2023\/05\/9-scaled.jpg\" alt=\"\" class=\"wp-image-94\" srcset=\"https:\/\/aeroclubthise.fr\/wp-content\/uploads\/2023\/05\/9-scaled.jpg 2560w, https:\/\/aeroclubthise.fr\/wp-content\/uploads\/2023\/05\/9-300x225.jpg 300w, https:\/\/aeroclubthise.fr\/wp-content\/uploads\/2023\/05\/9-1024x768.jpg 1024w, https:\/\/aeroclubthise.fr\/wp-content\/uploads\/2023\/05\/9-768x576.jpg 768w, https:\/\/aeroclubthise.fr\/wp-content\/uploads\/2023\/05\/9-1536x1152.jpg 1536w, https:\/\/aeroclubthise.fr\/wp-content\/uploads\/2023\/05\/9-2048x1536.jpg 2048w\" sizes=\"auto, (max-width: 2560px) 100vw, 2560px\" \/><\/figure>\n\n\n\n<figure class=\"wp-block-image size-full\"><img loading=\"lazy\" decoding=\"async\" width=\"2560\" height=\"1920\" data-id=\"93\" src=\"http:\/\/aeroclubthise.fr\/wp-content\/uploads\/2023\/05\/8-scaled.jpg\" alt=\"\" class=\"wp-image-93\" srcset=\"https:\/\/aeroclubthise.fr\/wp-content\/uploads\/2023\/05\/8-scaled.jpg 2560w, https:\/\/aeroclubthise.fr\/wp-content\/uploads\/2023\/05\/8-300x225.jpg 300w, https:\/\/aeroclubthise.fr\/wp-content\/uploads\/2023\/05\/8-1024x768.jpg 1024w, https:\/\/aeroclubthise.fr\/wp-content\/uploads\/2023\/05\/8-768x576.jpg 768w, https:\/\/aeroclubthise.fr\/wp-content\/uploads\/2023\/05\/8-1536x1152.jpg 1536w, https:\/\/aeroclubthise.fr\/wp-content\/uploads\/2023\/05\/8-2048x1536.jpg 2048w\" sizes=\"auto, (max-width: 2560px) 100vw, 2560px\" \/><\/figure>\n\n\n\n<figure class=\"wp-block-image size-full\"><img loading=\"lazy\" decoding=\"async\" width=\"2560\" height=\"1920\" data-id=\"90\" src=\"http:\/\/aeroclubthise.fr\/wp-content\/uploads\/2023\/05\/5-scaled.jpg\" alt=\"\" class=\"wp-image-90\" srcset=\"https:\/\/aeroclubthise.fr\/wp-content\/uploads\/2023\/05\/5-scaled.jpg 2560w, https:\/\/aeroclubthise.fr\/wp-content\/uploads\/2023\/05\/5-300x225.jpg 300w, https:\/\/aeroclubthise.fr\/wp-content\/uploads\/2023\/05\/5-1024x768.jpg 1024w, https:\/\/aeroclubthise.fr\/wp-content\/uploads\/2023\/05\/5-768x576.jpg 768w, https:\/\/aeroclubthise.fr\/wp-content\/uploads\/2023\/05\/5-1536x1152.jpg 1536w, https:\/\/aeroclubthise.fr\/wp-content\/uploads\/2023\/05\/5-2048x1536.jpg 2048w\" sizes=\"auto, (max-width: 2560px) 100vw, 2560px\" \/><\/figure>\n\n\n\n<figure class=\"wp-block-image size-full\"><img loading=\"lazy\" decoding=\"async\" width=\"2560\" height=\"1920\" data-id=\"89\" src=\"http:\/\/aeroclubthise.fr\/wp-content\/uploads\/2023\/05\/4-scaled.jpg\" alt=\"\" class=\"wp-image-89\" srcset=\"https:\/\/aeroclubthise.fr\/wp-content\/uploads\/2023\/05\/4-scaled.jpg 2560w, https:\/\/aeroclubthise.fr\/wp-content\/uploads\/2023\/05\/4-300x225.jpg 300w, https:\/\/aeroclubthise.fr\/wp-content\/uploads\/2023\/05\/4-1024x768.jpg 1024w, https:\/\/aeroclubthise.fr\/wp-content\/uploads\/2023\/05\/4-768x576.jpg 768w, https:\/\/aeroclubthise.fr\/wp-content\/uploads\/2023\/05\/4-1536x1152.jpg 1536w, https:\/\/aeroclubthise.fr\/wp-content\/uploads\/2023\/05\/4-2048x1536.jpg 2048w\" sizes=\"auto, (max-width: 2560px) 100vw, 2560px\" \/><\/figure>\n\n\n\n<figure class=\"wp-block-image size-full\"><img loading=\"lazy\" decoding=\"async\" width=\"1920\" height=\"1080\" data-id=\"58\" src=\"http:\/\/aeroclubthise.fr\/wp-content\/uploads\/2023\/05\/frvqzr-O.jpg\" alt=\"\" class=\"wp-image-58\" srcset=\"https:\/\/aeroclubthise.fr\/wp-content\/uploads\/2023\/05\/frvqzr-O.jpg 1920w, https:\/\/aeroclubthise.fr\/wp-content\/uploads\/2023\/05\/frvqzr-O-300x169.jpg 300w, https:\/\/aeroclubthise.fr\/wp-content\/uploads\/2023\/05\/frvqzr-O-1024x576.jpg 1024w, https:\/\/aeroclubthise.fr\/wp-content\/uploads\/2023\/05\/frvqzr-O-768x432.jpg 768w, https:\/\/aeroclubthise.fr\/wp-content\/uploads\/2023\/05\/frvqzr-O-1536x864.jpg 1536w\" sizes=\"auto, (max-width: 1920px) 100vw, 1920px\" \/><\/figure>\n\n\n\n<figure class=\"wp-block-image size-full\"><img loading=\"lazy\" decoding=\"async\" width=\"2560\" height=\"1920\" data-id=\"43\" src=\"http:\/\/aeroclubthise.fr\/wp-content\/uploads\/2023\/05\/Tableau_de_bord_DR400_F-GXGE-scaled.jpg\" alt=\"\" class=\"wp-image-43\" srcset=\"https:\/\/aeroclubthise.fr\/wp-content\/uploads\/2023\/05\/Tableau_de_bord_DR400_F-GXGE-scaled.jpg 2560w, https:\/\/aeroclubthise.fr\/wp-content\/uploads\/2023\/05\/Tableau_de_bord_DR400_F-GXGE-300x225.jpg 300w, https:\/\/aeroclubthise.fr\/wp-content\/uploads\/2023\/05\/Tableau_de_bord_DR400_F-GXGE-1024x768.jpg 1024w, https:\/\/aeroclubthise.fr\/wp-content\/uploads\/2023\/05\/Tableau_de_bord_DR400_F-GXGE-768x576.jpg 768w, https:\/\/aeroclubthise.fr\/wp-content\/uploads\/2023\/05\/Tableau_de_bord_DR400_F-GXGE-1536x1152.jpg 1536w, https:\/\/aeroclubthise.fr\/wp-content\/uploads\/2023\/05\/Tableau_de_bord_DR400_F-GXGE-2048x1536.jpg 2048w\" sizes=\"auto, (max-width: 2560px) 100vw, 2560px\" \/><\/figure>\n<\/figure>\n","protected":false},"excerpt":{"rendered":"<p>Qui sommes-nous ? Association Vol Moteur de l\u2019A\u00e9ro-Club du Doubs (AVMACD) L\u2019a\u00e9ro-club du Doubs est une association loi 1901. Il se situe sur&nbsp;l\u2019a\u00e9rodrome de Thise, au Nord-Est de Besan\u00e7on. Premiers pas au sein du monde de l\u2019aviation l\u00e9g\u00e8re de loisir ? Envie de vous \u00e9vader et de tutoyer les cieux ? D\u00e9couvrez nos diff\u00e9rents&nbsp;vols d\u00e9couverte&nbsp;qui [&hellip;]<\/p>\n","protected":false},"author":1,"featured_media":0,"parent":0,"menu_order":0,"comment_status":"closed","ping_status":"closed","template":"","meta":{"footnotes":""},"class_list":["post-46","page","type-page","status-publish","hentry"],"yoast_head":"<!-- This site is optimized with the Yoast SEO plugin v21.2 - https:\/\/yoast.com\/wordpress\/plugins\/seo\/ -->\n<title>Le club - A\u00e9roclub Thise<\/title>\n<meta name=\"robots\" content=\"index, follow, max-snippet:-1, max-image-preview:large, max-video-preview:-1\" \/>\n<link rel=\"canonical\" href=\"https:\/\/aeroclubthise.fr\/?page_id=46\" \/>\n<meta property=\"og:locale\" content=\"fr_FR\" \/>\n<meta property=\"og:type\" content=\"article\" \/>\n<meta property=\"og:title\" content=\"Le club - A\u00e9roclub Thise\" \/>\n<meta property=\"og:description\" content=\"Qui sommes-nous ? Association Vol Moteur de l\u2019A\u00e9ro-Club du Doubs (AVMACD) L\u2019a\u00e9ro-club du Doubs est une association loi 1901. Il se situe sur&nbsp;l\u2019a\u00e9rodrome de Thise, au Nord-Est de Besan\u00e7on. Premiers pas au sein du monde de l\u2019aviation l\u00e9g\u00e8re de loisir ? Envie de vous \u00e9vader et de tutoyer les cieux ? D\u00e9couvrez nos diff\u00e9rents&nbsp;vols d\u00e9couverte&nbsp;qui [&hellip;]\" \/>\n<meta property=\"og:url\" content=\"https:\/\/aeroclubthise.fr\/?page_id=46\" \/>\n<meta property=\"og:site_name\" content=\"A\u00e9roclub Thise\" \/>\n<meta property=\"article:modified_time\" content=\"2024-10-21T09:38:39+00:00\" \/>\n<meta property=\"og:image\" content=\"http:\/\/aeroclubthise.fr\/wp-content\/uploads\/2023\/05\/10-1024x768.jpg\" \/>\n<meta name=\"twitter:card\" content=\"summary_large_image\" \/>\n<meta name=\"twitter:label1\" content=\"Dur\u00e9e de lecture estim\u00e9e\" \/>\n\t<meta name=\"twitter:data1\" content=\"6 minutes\" \/>\n<script type=\"application\/ld+json\" class=\"yoast-schema-graph\">{\"@context\":\"https:\/\/schema.org\",\"@graph\":[{\"@type\":\"WebPage\",\"@id\":\"https:\/\/aeroclubthise.fr\/?page_id=46\",\"url\":\"https:\/\/aeroclubthise.fr\/?page_id=46\",\"name\":\"Le club - A\u00e9roclub Thise\",\"isPartOf\":{\"@id\":\"https:\/\/aeroclubthise.fr\/#website\"},\"datePublished\":\"2023-05-19T13:13:22+00:00\",\"dateModified\":\"2024-10-21T09:38:39+00:00\",\"breadcrumb\":{\"@id\":\"https:\/\/aeroclubthise.fr\/?page_id=46#breadcrumb\"},\"inLanguage\":\"fr-FR\",\"potentialAction\":[{\"@type\":\"ReadAction\",\"target\":[\"https:\/\/aeroclubthise.fr\/?page_id=46\"]}]},{\"@type\":\"BreadcrumbList\",\"@id\":\"https:\/\/aeroclubthise.fr\/?page_id=46#breadcrumb\",\"itemListElement\":[{\"@type\":\"ListItem\",\"position\":1,\"name\":\"Accueil\",\"item\":\"https:\/\/aeroclubthise.fr\/\"},{\"@type\":\"ListItem\",\"position\":2,\"name\":\"Le club\"}]},{\"@type\":\"WebSite\",\"@id\":\"https:\/\/aeroclubthise.fr\/#website\",\"url\":\"https:\/\/aeroclubthise.fr\/\",\"name\":\"A\u00e9roclub Thise\",\"description\":\"A\u00e9roclub Thise\",\"potentialAction\":[{\"@type\":\"SearchAction\",\"target\":{\"@type\":\"EntryPoint\",\"urlTemplate\":\"https:\/\/aeroclubthise.fr\/?s={search_term_string}\"},\"query-input\":\"required name=search_term_string\"}],\"inLanguage\":\"fr-FR\"}]}<\/script>\n<!-- \/ Yoast SEO plugin. -->","yoast_head_json":{"title":"Le club - A\u00e9roclub Thise","robots":{"index":"index","follow":"follow","max-snippet":"max-snippet:-1","max-image-preview":"max-image-preview:large","max-video-preview":"max-video-preview:-1"},"canonical":"https:\/\/aeroclubthise.fr\/?page_id=46","og_locale":"fr_FR","og_type":"article","og_title":"Le club - A\u00e9roclub Thise","og_description":"Qui sommes-nous ? Association Vol Moteur de l\u2019A\u00e9ro-Club du Doubs (AVMACD) L\u2019a\u00e9ro-club du Doubs est une association loi 1901. Il se situe sur&nbsp;l\u2019a\u00e9rodrome de Thise, au Nord-Est de Besan\u00e7on. Premiers pas au sein du monde de l\u2019aviation l\u00e9g\u00e8re de loisir ? Envie de vous \u00e9vader et de tutoyer les cieux ? D\u00e9couvrez nos diff\u00e9rents&nbsp;vols d\u00e9couverte&nbsp;qui [&hellip;]","og_url":"https:\/\/aeroclubthise.fr\/?page_id=46","og_site_name":"A\u00e9roclub Thise","article_modified_time":"2024-10-21T09:38:39+00:00","og_image":[{"url":"http:\/\/aeroclubthise.fr\/wp-content\/uploads\/2023\/05\/10-1024x768.jpg"}],"twitter_card":"summary_large_image","twitter_misc":{"Dur\u00e9e de lecture estim\u00e9e":"6 minutes"},"schema":{"@context":"https:\/\/schema.org","@graph":[{"@type":"WebPage","@id":"https:\/\/aeroclubthise.fr\/?page_id=46","url":"https:\/\/aeroclubthise.fr\/?page_id=46","name":"Le club - A\u00e9roclub Thise","isPartOf":{"@id":"https:\/\/aeroclubthise.fr\/#website"},"datePublished":"2023-05-19T13:13:22+00:00","dateModified":"2024-10-21T09:38:39+00:00","breadcrumb":{"@id":"https:\/\/aeroclubthise.fr\/?page_id=46#breadcrumb"},"inLanguage":"fr-FR","potentialAction":[{"@type":"ReadAction","target":["https:\/\/aeroclubthise.fr\/?page_id=46"]}]},{"@type":"BreadcrumbList","@id":"https:\/\/aeroclubthise.fr\/?page_id=46#breadcrumb","itemListElement":[{"@type":"ListItem","position":1,"name":"Accueil","item":"https:\/\/aeroclubthise.fr\/"},{"@type":"ListItem","position":2,"name":"Le club"}]},{"@type":"WebSite","@id":"https:\/\/aeroclubthise.fr\/#website","url":"https:\/\/aeroclubthise.fr\/","name":"A\u00e9roclub Thise","description":"A\u00e9roclub Thise","potentialAction":[{"@type":"SearchAction","target":{"@type":"EntryPoint","urlTemplate":"https:\/\/aeroclubthise.fr\/?s={search_term_string}"},"query-input":"required name=search_term_string"}],"inLanguage":"fr-FR"}]}},"_links":{"self":[{"href":"https:\/\/aeroclubthise.fr\/index.php?rest_route=\/wp\/v2\/pages\/46","targetHints":{"allow":["GET"]}}],"collection":[{"href":"https:\/\/aeroclubthise.fr\/index.php?rest_route=\/wp\/v2\/pages"}],"about":[{"href":"https:\/\/aeroclubthise.fr\/index.php?rest_route=\/wp\/v2\/types\/page"}],"author":[{"embeddable":true,"href":"https:\/\/aeroclubthise.fr\/index.php?rest_route=\/wp\/v2\/users\/1"}],"replies":[{"embeddable":true,"href":"https:\/\/aeroclubthise.fr\/index.php?rest_route=%2Fwp%2Fv2%2Fcomments&post=46"}],"version-history":[{"count":22,"href":"https:\/\/aeroclubthise.fr\/index.php?rest_route=\/wp\/v2\/pages\/46\/revisions"}],"predecessor-version":[{"id":260,"href":"https:\/\/aeroclubthise.fr\/index.php?rest_route=\/wp\/v2\/pages\/46\/revisions\/260"}],"wp:attachment":[{"href":"https:\/\/aeroclubthise.fr\/index.php?rest_route=%2Fwp%2Fv2%2Fmedia&parent=46"}],"curies":[{"name":"wp","href":"https:\/\/api.w.org\/{rel}","templated":true}]}}