{"id":79,"date":"2023-05-19T16:51:33","date_gmt":"2023-05-19T14:51:33","guid":{"rendered":"http:\/\/aeroclubthise.fr\/?page_id=79"},"modified":"2025-12-03T10:09:06","modified_gmt":"2025-12-03T09:09:06","slug":"baptemes-vol-dinitiation","status":"publish","type":"page","link":"https:\/\/aeroclubthise.fr\/?page_id=79","title":{"rendered":"Bapt\u00eames \/ vols d\u00e9couverte"},"content":{"rendered":"\n<figure class=\"wp-block-image aligncenter size-large is-resized\"><img loading=\"lazy\" decoding=\"async\" width=\"1024\" height=\"768\" src=\"http:\/\/aeroclubthise.fr\/wp-content\/uploads\/2023\/05\/19-1024x768.jpg\" alt=\"\" class=\"wp-image-104\" srcset=\"https:\/\/aeroclubthise.fr\/wp-content\/uploads\/2023\/05\/19-1024x768.jpg 1024w, https:\/\/aeroclubthise.fr\/wp-content\/uploads\/2023\/05\/19-300x225.jpg 300w, https:\/\/aeroclubthise.fr\/wp-content\/uploads\/2023\/05\/19-768x576.jpg 768w, https:\/\/aeroclubthise.fr\/wp-content\/uploads\/2023\/05\/19-1536x1152.jpg 1536w, https:\/\/aeroclubthise.fr\/wp-content\/uploads\/2023\/05\/19-2048x1536.jpg 2048w\" sizes=\"auto, (max-width: 1024px) 100vw, 1024px\" \/><\/figure>\n\n\n\n<p>Envie de d\u00e9couvrir le pilotage, de prendre un peu de hauteur ? Envie de d\u00e9couvrir la r\u00e9gion vue du ciel ? Ou tout simplement envie de faire plaisir \u00e0 un proche ou un ami ?<\/p>\n\n\n\n<p>Notre a\u00e9ro-club propose des vols d\u2019initiation au pilotage pour 1 personne ainsi que des vols d\u00e9couverte pour 1, 2 ou 3 personnes, pour d\u00e9couvrir Besan\u00e7on et ses alentours.<\/p>\n\n\n\n<p>Si vous pr\u00e9f\u00e9rez piloter vous-m\u00eame l&rsquo;avion dans le cadre d&rsquo;un vol d&rsquo;initiation visitez la page des vols d&rsquo;initiation.<\/p>\n\n\n\n<div class=\"wp-block-group has-tertiary-background-color has-background is-layout-constrained wp-block-group-is-layout-constrained\">\n<h6 class=\"wp-block-heading has-text-align-center\"><strong>Vol d\u00e9couverte de 30mn*<\/strong><\/h6>\n\n\n\n<ul class=\"wp-block-list\">\n<li><strong>1 Personne : 120\u20ac<\/strong><\/li>\n\n\n\n<li><strong>2 Personnes : 150\u20ac<\/strong><\/li>\n\n\n\n<li><strong>3 Personnes* : 180\u20ac<\/strong>                                *selon le poids des participants pour des raisons de s\u00e9curit\u00e9<\/li>\n<\/ul>\n\n\n\n<p>Le vol de 30mn permet d\u2019<strong>adapter le parcours selon vos envies<\/strong> et d\u2019aller survoler votre maison par exemple, n\u2019h\u00e9sitez pas \u00e0 en parler avec votre pilote !<\/p>\n\n\n\n<p><\/p>\n<\/div>\n\n\n\n<p><em>*Les dur\u00e9es des vols d\u00e9couverte et du bapt\u00eame d&rsquo;initiation sont des temps de vol effectifs. Les phases au sol &#8211; installation, roulage, proc\u00e9dures &#8211; ne sont pas d\u00e9compt\u00e9es.<\/em><\/p>\n\n\n\n<h4 class=\"wp-block-heading\"><strong>Comment r\u00e9server un vol ?<\/strong><\/h4>\n\n\n\n<p>Pour toute question concernant <strong>l&rsquo;AVION<\/strong> uniquement :&nbsp;<a href=\"mailto:divel.pierrealain@orange.fr\">co<\/a><a href=\"mailto:contact@aeroclubthise.fr\">ntact@aeroclubthise.fr<\/a><\/p>\n\n\n\n<p>ou <strong>aupr\u00e8s d&rsquo;un instructeur ou instructrice AVION<\/strong>\/ <strong>pilote vol d\u00e9couverte<\/strong>:<\/p>\n\n\n\n<p><strong>Sabine FOURMESTRAUX 0637884003<\/strong> <\/p>\n\n\n\n<p> <strong>Abd El Kader MEDDAHI<\/strong> <strong>0630762321<\/strong> <\/p>\n\n\n\n<p><strong>Jean Philippe ROSNET<\/strong> <a href=\"tel: 06 04 18 19 04\"><strong>06 04 18 19 04<\/strong><\/a><\/p>\n\n\n\n<p>Vous pouvez aussi, \u00e0 l\u2019occasion d\u2019une promenade, nous rendre visite sur&nbsp;<a data-type=\"page\" data-id=\"46\" href=\"http:\/\/aeroclubthise.fr\/?page_id=46\" target=\"_blank\" rel=\"noreferrer noopener\">l\u2019a\u00e9rodrome de Besan\u00e7on-Thise.<\/a>&nbsp;Attention ! Nos membres sont tous b\u00e9n\u00e9voles, et il n\u2019est pas assur\u00e9 une pr\u00e9sence syst\u00e9matique dans les locaux de l\u2019a\u00e9ro-club.<\/p>\n\n\n\n<h4 class=\"wp-block-heading\"><strong>A partir de quel \u00e2ge ?<\/strong><\/h4>\n\n\n\n<p>Le&nbsp;vol d\u00e9couverte&nbsp;est ouvert aux enfants \u00e0 <strong>partir de 4\/5 ans environ<\/strong>. Il n\u2019y a pas de limite universelle, mais pour que votre petit bout de chou profite au mieux du vol, il faut qu\u2019il puisse voir dehors ! L\u2019a\u00e9ro-club peut pr\u00eater des r\u00e9hausseurs si besoin. Il n\u2019est pas autoris\u00e9 d\u2019emporter un enfant tenu dans les bras d\u2019un adulte, le r\u00e8glement stipulant que chaque passager doit \u00eatre pourvu d\u2019une ceinture de s\u00e9curit\u00e9.<\/p>\n\n\n\n<h4 class=\"wp-block-heading\"><strong>Le jour du vol, il ne fait pas tr\u00e8s beau. Est-ce que le vol est annul\u00e9 ?<\/strong><\/h4>\n\n\n\n<p>Pour toute interrogation, contactez l\u2019un de nos pilotes-instructeurs, de pr\u00e9f\u00e9rence celui avec lequel vous \u00eates d\u00e9j\u00e0 en contact. Lui seul d\u00e9cidera de la tenue ou non du vol, surtout en cas de m\u00e9t\u00e9o capricieuse. Il r\u00e9pondra \u00e9galement \u00e0 toutes les questions que vous pourriez vous poser, et dissipera vos appr\u00e9hensions. Mieux vaut repousser de quelques jours et voler serein et par beau temps ! M\u00eame en cas d\u2019annulations successives (m\u00e9t\u00e9o, avions ou pilote indisponibles etc.), votre vol d\u00e9couverte ou votre vol d\u2019initiation reste valable.<\/p>\n\n\n\n<h4 class=\"wp-block-heading\"><strong>Y a-t-il besoin de mat\u00e9riel ?<\/strong><\/h4>\n\n\n\n<p>Pr\u00e9voyez <strong>casquette <\/strong>et <strong>lunettes de soleil<\/strong>, surtout par beau temps. L\u2019a\u00e9ro-club vous pr\u00eatera un micro-casque, n\u00e9cessaire pour pouvoir communiquer tout au long du vol avec votre pilote et les autres passagers.<\/p>\n\n\n\n<p>Et n\u2019oubliez pas vos smartphones, appareil-photos et cam\u00e9ras pour immortaliser ce moment particulier<\/p>\n","protected":false},"excerpt":{"rendered":"<p>Envie de d\u00e9couvrir le pilotage, de prendre un peu de hauteur ? Envie de d\u00e9couvrir la r\u00e9gion vue du ciel ? Ou tout simplement envie de faire plaisir \u00e0 un proche ou un ami ? Notre a\u00e9ro-club propose des vols d\u2019initiation au pilotage pour 1 personne ainsi que des vols d\u00e9couverte pour 1, 2 ou [&hellip;]<\/p>\n","protected":false},"author":1,"featured_media":0,"parent":0,"menu_order":0,"comment_status":"closed","ping_status":"closed","template":"","meta":{"footnotes":""},"class_list":["post-79","page","type-page","status-publish","hentry"],"yoast_head":"<!-- This site is optimized with the Yoast SEO plugin v21.2 - https:\/\/yoast.com\/wordpress\/plugins\/seo\/ -->\n<title>Bapt\u00eames \/ vols d\u00e9couverte - A\u00e9roclub Thise<\/title>\n<meta name=\"robots\" content=\"index, follow, max-snippet:-1, max-image-preview:large, max-video-preview:-1\" \/>\n<link rel=\"canonical\" href=\"https:\/\/aeroclubthise.fr\/?page_id=79\" \/>\n<meta property=\"og:locale\" content=\"fr_FR\" \/>\n<meta property=\"og:type\" content=\"article\" \/>\n<meta property=\"og:title\" content=\"Bapt\u00eames \/ vols d\u00e9couverte - A\u00e9roclub Thise\" \/>\n<meta property=\"og:description\" content=\"Envie de d\u00e9couvrir le pilotage, de prendre un peu de hauteur ? Envie de d\u00e9couvrir la r\u00e9gion vue du ciel ? Ou tout simplement envie de faire plaisir \u00e0 un proche ou un ami ? Notre a\u00e9ro-club propose des vols d\u2019initiation au pilotage pour 1 personne ainsi que des vols d\u00e9couverte pour 1, 2 ou [&hellip;]\" \/>\n<meta property=\"og:url\" content=\"https:\/\/aeroclubthise.fr\/?page_id=79\" \/>\n<meta property=\"og:site_name\" content=\"A\u00e9roclub Thise\" \/>\n<meta property=\"article:modified_time\" content=\"2025-12-03T09:09:06+00:00\" \/>\n<meta property=\"og:image\" content=\"http:\/\/aeroclubthise.fr\/wp-content\/uploads\/2023\/05\/19-1024x768.jpg\" \/>\n<meta name=\"twitter:card\" content=\"summary_large_image\" \/>\n<meta name=\"twitter:label1\" content=\"Dur\u00e9e de lecture estim\u00e9e\" \/>\n\t<meta name=\"twitter:data1\" content=\"3 minutes\" \/>\n<script type=\"application\/ld+json\" class=\"yoast-schema-graph\">{\"@context\":\"https:\/\/schema.org\",\"@graph\":[{\"@type\":\"WebPage\",\"@id\":\"https:\/\/aeroclubthise.fr\/?page_id=79\",\"url\":\"https:\/\/aeroclubthise.fr\/?page_id=79\",\"name\":\"Bapt\u00eames \/ vols d\u00e9couverte - A\u00e9roclub Thise\",\"isPartOf\":{\"@id\":\"https:\/\/aeroclubthise.fr\/#website\"},\"datePublished\":\"2023-05-19T14:51:33+00:00\",\"dateModified\":\"2025-12-03T09:09:06+00:00\",\"breadcrumb\":{\"@id\":\"https:\/\/aeroclubthise.fr\/?page_id=79#breadcrumb\"},\"inLanguage\":\"fr-FR\",\"potentialAction\":[{\"@type\":\"ReadAction\",\"target\":[\"https:\/\/aeroclubthise.fr\/?page_id=79\"]}]},{\"@type\":\"BreadcrumbList\",\"@id\":\"https:\/\/aeroclubthise.fr\/?page_id=79#breadcrumb\",\"itemListElement\":[{\"@type\":\"ListItem\",\"position\":1,\"name\":\"Accueil\",\"item\":\"https:\/\/aeroclubthise.fr\/\"},{\"@type\":\"ListItem\",\"position\":2,\"name\":\"Bapt\u00eames \/ vols d\u00e9couverte\"}]},{\"@type\":\"WebSite\",\"@id\":\"https:\/\/aeroclubthise.fr\/#website\",\"url\":\"https:\/\/aeroclubthise.fr\/\",\"name\":\"A\u00e9roclub Thise\",\"description\":\"A\u00e9roclub Thise\",\"potentialAction\":[{\"@type\":\"SearchAction\",\"target\":{\"@type\":\"EntryPoint\",\"urlTemplate\":\"https:\/\/aeroclubthise.fr\/?s={search_term_string}\"},\"query-input\":\"required name=search_term_string\"}],\"inLanguage\":\"fr-FR\"}]}<\/script>\n<!-- \/ Yoast SEO plugin. -->","yoast_head_json":{"title":"Bapt\u00eames \/ vols d\u00e9couverte - A\u00e9roclub Thise","robots":{"index":"index","follow":"follow","max-snippet":"max-snippet:-1","max-image-preview":"max-image-preview:large","max-video-preview":"max-video-preview:-1"},"canonical":"https:\/\/aeroclubthise.fr\/?page_id=79","og_locale":"fr_FR","og_type":"article","og_title":"Bapt\u00eames \/ vols d\u00e9couverte - A\u00e9roclub Thise","og_description":"Envie de d\u00e9couvrir le pilotage, de prendre un peu de hauteur ? Envie de d\u00e9couvrir la r\u00e9gion vue du ciel ? Ou tout simplement envie de faire plaisir \u00e0 un proche ou un ami ? Notre a\u00e9ro-club propose des vols d\u2019initiation au pilotage pour 1 personne ainsi que des vols d\u00e9couverte pour 1, 2 ou [&hellip;]","og_url":"https:\/\/aeroclubthise.fr\/?page_id=79","og_site_name":"A\u00e9roclub Thise","article_modified_time":"2025-12-03T09:09:06+00:00","og_image":[{"url":"http:\/\/aeroclubthise.fr\/wp-content\/uploads\/2023\/05\/19-1024x768.jpg"}],"twitter_card":"summary_large_image","twitter_misc":{"Dur\u00e9e de lecture estim\u00e9e":"3 minutes"},"schema":{"@context":"https:\/\/schema.org","@graph":[{"@type":"WebPage","@id":"https:\/\/aeroclubthise.fr\/?page_id=79","url":"https:\/\/aeroclubthise.fr\/?page_id=79","name":"Bapt\u00eames \/ vols d\u00e9couverte - A\u00e9roclub Thise","isPartOf":{"@id":"https:\/\/aeroclubthise.fr\/#website"},"datePublished":"2023-05-19T14:51:33+00:00","dateModified":"2025-12-03T09:09:06+00:00","breadcrumb":{"@id":"https:\/\/aeroclubthise.fr\/?page_id=79#breadcrumb"},"inLanguage":"fr-FR","potentialAction":[{"@type":"ReadAction","target":["https:\/\/aeroclubthise.fr\/?page_id=79"]}]},{"@type":"BreadcrumbList","@id":"https:\/\/aeroclubthise.fr\/?page_id=79#breadcrumb","itemListElement":[{"@type":"ListItem","position":1,"name":"Accueil","item":"https:\/\/aeroclubthise.fr\/"},{"@type":"ListItem","position":2,"name":"Bapt\u00eames \/ vols d\u00e9couverte"}]},{"@type":"WebSite","@id":"https:\/\/aeroclubthise.fr\/#website","url":"https:\/\/aeroclubthise.fr\/","name":"A\u00e9roclub Thise","description":"A\u00e9roclub Thise","potentialAction":[{"@type":"SearchAction","target":{"@type":"EntryPoint","urlTemplate":"https:\/\/aeroclubthise.fr\/?s={search_term_string}"},"query-input":"required name=search_term_string"}],"inLanguage":"fr-FR"}]}},"_links":{"self":[{"href":"https:\/\/aeroclubthise.fr\/index.php?rest_route=\/wp\/v2\/pages\/79","targetHints":{"allow":["GET"]}}],"collection":[{"href":"https:\/\/aeroclubthise.fr\/index.php?rest_route=\/wp\/v2\/pages"}],"about":[{"href":"https:\/\/aeroclubthise.fr\/index.php?rest_route=\/wp\/v2\/types\/page"}],"author":[{"embeddable":true,"href":"https:\/\/aeroclubthise.fr\/index.php?rest_route=\/wp\/v2\/users\/1"}],"replies":[{"embeddable":true,"href":"https:\/\/aeroclubthise.fr\/index.php?rest_route=%2Fwp%2Fv2%2Fcomments&post=79"}],"version-history":[{"count":21,"href":"https:\/\/aeroclubthise.fr\/index.php?rest_route=\/wp\/v2\/pages\/79\/revisions"}],"predecessor-version":[{"id":310,"href":"https:\/\/aeroclubthise.fr\/index.php?rest_route=\/wp\/v2\/pages\/79\/revisions\/310"}],"wp:attachment":[{"href":"https:\/\/aeroclubthise.fr\/index.php?rest_route=%2Fwp%2Fv2%2Fmedia&parent=79"}],"curies":[{"name":"wp","href":"https:\/\/api.w.org\/{rel}","templated":true}]}}